{"id":716,"date":"2026-03-10T08:33:23","date_gmt":"2026-03-10T08:33:23","guid":{"rendered":"https:\/\/phsociopolis.usm.md\/?page_id=716"},"modified":"2026-03-10T08:33:23","modified_gmt":"2026-03-10T08:33:23","slug":"termeni-si-conditii","status":"publish","type":"page","link":"https:\/\/phsociopolis.usm.md\/index.php\/termeni-si-conditii\/?lang=en","title":{"rendered":"Termeni \u0219I condi\u021bii"},"content":{"rendered":"<p><strong>Procedura de recenzare<\/strong><br \/>\nRevista de Filozofie, Sociologie \u0219i \u0218tiin\u021be Politice va lua \u00een considerare pentru publicare articole originale ale autorilor \u0219i nu copii ale unor lucr\u0103ri publicate anterior. E nevoie ca articolul s\u0103 fi fost depus spre publicare numai \u00een Revista de Filozofie, Sociologie \u0219i \u0218tiin\u021be Politice. Articolul depus spre publicare \u00een Revist\u0103 nu va fi publicat dac\u0103 a fost depus spre publicare anterior, fiind acceptat pentru publicare \u00een alt\u0103 parte.<br \/>\nToate articolele prezentate sunt recenzate \u00een conformitate cu normele de publicare \u00een Revist\u0103. Articolele care nu respect\u0103 cu stricte\u021be aceste norme vor fi returnate autorilor \u00een decurs de o lun\u0103 f\u0103r\u0103 o evaluare \u0219i recenzare \u0219tiin\u021bific\u0103. Articolele admise pentru publicare care respect\u0103 normele de publicare \u00een Revist\u0103 sunt examinate de Redactorul-\u0219ef, de Redactorul-\u0219ef adjunct sau de Secretarul \u0218tiin\u021bific al publica\u021biei, care vor repartiza materialul pentru recenzare.<\/p>\n<p><strong>Peer-review<\/strong><br \/>\nArticolele publicate \u00een Revista de Filozofie, Sociologie \u0219i \u0218tiin\u021be Politice urmeaz\u0103 o procedur\u0103 de examinare dublu orb. Articolul nu trebuie s\u0103 con\u021bin\u0103 nimic obscen, fraudulos sau ilegal, o calomnie sau informa\u021bie care s\u0103 demonstreze lips\u0103 de respect sau s\u0103 atenteze la demnitatea oric\u0103rei persoane. Utilizarea \u00een articolul publicat a unor indica\u021bii geografice, denumiri de origine \u0219i specialit\u0103\u021bi tradi\u021bionale garantate, a m\u0103rcilor comerciale etc., chiar dac\u0103 nu sunt specificate \u00een mod clar, nu \u00eenseamn\u0103 c\u0103 aceste obiecte ale dreptului de proprietate intelectual\u0103 nu sunt protejate de legile \u0219i normele juridice \u00een vigoare.<br \/>\nRevista de Filozofie, Sociologie \u0219i \u0218tiin\u021be Politice utilizeaz\u0103 software-ul UNPLAG de analiz\u0103 a textelor \u0219i unele servicii web pentru a verifica articolele \u00een vederea combaterii plagiatului. Prin expedierea articolelor la Revist\u0103, autorii \u00ee\u0219i dau acordul ca lucr\u0103rile lor s\u0103 fie verificate la capitolul originalitate conform procedurilor de recenzare \u0219i publicare. Dac\u0103 recenzen\u021bii vor suspecta un anumit material depus pentru recenzare \u0219i publicare de plagiat, date false, conflicte de interese etc., ace\u0219tia vor aplica normele \u0219i procedurile opera\u021bionale COPE pentru solu\u021bionarea cazurilor date.<\/p>\n<p><strong>Termeni<\/strong><br \/>\nRedac\u021bia Revistei va finaliza procesul de revizuire \u00een termen de, cel mult, zece s\u0103pt\u0103m\u00e2ni de la data depunerii materialului spre publicare. Dac\u0103 acest proces va dura \u00een mod excep\u021bional mai mult dec\u00e2t perioada indicat\u0103, autorii vor fi informa\u021bi suplimentar despre motivele \u00eent\u00e2rzierii. Redac\u021bia va \u00eentocmi o \u00een\u0219tiin\u021bare oficial\u0103 referitor la decizia respectiv\u0103 conform comentariilor recenzen\u021bilor, care va fi expediat\u0103 autorului articolului. Dac\u0103 va fi necesar, autorul va fi rugat s\u0103 editeze articolul conform normelor de publicare \u0219i\/sau recomand\u0103rilor recenzentului \u00een termen de dou\u0103 s\u0103pt\u0103m\u00e2ni.<\/p>\n<p><strong>Politica de plat\u0103<\/strong><br \/>\nPublicarea de articole \u00een Revista de Filozofie, Sociologie \u0219i \u0218tiin\u021be Politice este gratuit\u0103, precum \u0219i accesul la numerele revistei, \u00een limita posibilit\u0103\u021bilor tehnice disponibile.<\/p>\n","protected":false},"excerpt":{"rendered":"<p>Procedura de recenzare Revista de Filozofie, Sociologie \u0219i \u0218tiin\u021be Politice va lua \u00een considerare pentru publicare articole originale ale autorilor \u0219i nu copii ale unor lucr\u0103ri publicate anterior. E nevoie ca articolul s\u0103 fi fost depus spre publicare numai \u00een Revista de Filozofie, Sociologie \u0219i \u0218tiin\u021be Politice. Articolul depus spre publicare \u00een Revist\u0103 nu va&hellip; <br \/> <a class=\"read-more\" href=\"https:\/\/phsociopolis.usm.md\/index.php\/termeni-si-conditii\/?lang=en\">Read more<\/a><\/p>\n","protected":false},"author":1,"featured_media":0,"parent":0,"menu_order":0,"comment_status":"closed","ping_status":"closed","template":"","meta":{"_acf_changed":false,"footnotes":""},"class_list":["post-716","page","type-page","status-publish","hentry"],"acf":[],"rttpg_featured_image_url":null,"rttpg_author":{"display_name":"pj1ney","author_link":"https:\/\/phsociopolis.usm.md\/index.php\/author\/pj1ney\/?lang=en"},"rttpg_comment":0,"rttpg_category":null,"rttpg_excerpt":"Procedura de recenzare Revista de Filozofie, Sociologie \u0219i \u0218tiin\u021be Politice va lua \u00een considerare pentru publicare articole originale ale autorilor \u0219i nu copii ale unor lucr\u0103ri publicate anterior. E nevoie ca articolul s\u0103 fi fost depus spre publicare numai \u00een Revista de Filozofie, Sociologie \u0219i \u0218tiin\u021be Politice. Articolul depus spre publicare \u00een Revist\u0103 nu va&hellip;&hellip;","_links":{"self":[{"href":"https:\/\/phsociopolis.usm.md\/index.php\/wp-json\/wp\/v2\/pages\/716","targetHints":{"allow":["GET"]}}],"collection":[{"href":"https:\/\/phsociopolis.usm.md\/index.php\/wp-json\/wp\/v2\/pages"}],"about":[{"href":"https:\/\/phsociopolis.usm.md\/index.php\/wp-json\/wp\/v2\/types\/page"}],"author":[{"embeddable":true,"href":"https:\/\/phsociopolis.usm.md\/index.php\/wp-json\/wp\/v2\/users\/1"}],"replies":[{"embeddable":true,"href":"https:\/\/phsociopolis.usm.md\/index.php\/wp-json\/wp\/v2\/comments?post=716"}],"version-history":[{"count":1,"href":"https:\/\/phsociopolis.usm.md\/index.php\/wp-json\/wp\/v2\/pages\/716\/revisions"}],"predecessor-version":[{"id":717,"href":"https:\/\/phsociopolis.usm.md\/index.php\/wp-json\/wp\/v2\/pages\/716\/revisions\/717"}],"wp:attachment":[{"href":"https:\/\/phsociopolis.usm.md\/index.php\/wp-json\/wp\/v2\/media?parent=716"}],"curies":[{"name":"wp","href":"https:\/\/api.w.org\/{rel}","templated":true}]}}