{"id":710,"date":"2026-03-10T08:30:45","date_gmt":"2026-03-10T08:30:45","guid":{"rendered":"https:\/\/phsociopolis.usm.md\/?page_id=710"},"modified":"2026-03-10T08:30:45","modified_gmt":"2026-03-10T08:30:45","slug":"editorial","status":"publish","type":"page","link":"https:\/\/phsociopolis.usm.md\/index.php\/editorial\/","title":{"rendered":"Editorial"},"content":{"rendered":"<p>Revista de Filosofie, Sociologie \u0219i \u0218tiin\u021be Politice este publica\u021bia periodic\u0103 a Institutului de Cercet\u0103ri Juridice, Politice \u0219i Sociologice al Universit\u0103\u021bii de Stat din Moldova, orientat\u0103 spre investigarea aprofundat\u0103 a proceselor politice, sociale, culturale \u0219i demografice din spa\u021biul Europei Centrale \u0219i de Est. Revista urm\u0103re\u0219te promovarea unui cadru riguros de analiz\u0103 \u0219tiin\u021bific\u0103 \u0219i \u00eencurajeaz\u0103 abord\u0103rile critice care contribuie la \u00een\u021belegerea fenomenelor contemporane. Prin articolele \u0219i studiile publicate, revista creeaz\u0103 premisele pentru o reflec\u021bie multidisciplinar\u0103 asupra problemelor societ\u0103\u021bii actuale.<\/p>\n<p>\u00cen acela\u0219i timp, publica\u021bia \u00ee\u0219i propune s\u0103 stimuleze un dialog academic durabil care traverseaz\u0103 grani\u021bele disciplinare tradi\u021bionale, consolideaz\u0103 un spa\u021biu deschis pentru dezbateri critice \u0219i schimb de idei \u00eentre cercet\u0103tori din domeniile filozofiei, sociologiei \u0219i \u0219tiin\u021belor politice. Aten\u021bia revistei se centreaz\u0103 pe dimensiunea regional\u0103, f\u0103r\u0103 a se limita \u00eens\u0103 la aceasta, integr\u00e2nd \u00een mod constant perspective europene \u0219i globale asupra fenomenelor analizate. Astfel, revista func\u021bioneaz\u0103 ca o platform\u0103 academic\u0103 de \u00eent\u00e2lnire \u00eentre genera\u021biile de cercet\u0103tori \u0219i contribuie la consolidarea unei comunit\u0103\u021bi \u0219tiin\u021bifice dinamice \u0219i inovatoare.<\/p>\n<p>Prin includerea lucr\u0103rilor autorilor locali \u0219i interna\u021bionali, revista ofer\u0103 un spectru amplu de teme \u0219i abord\u0103ri, de la analize conceptuale \u0219i teoretice p\u00e2n\u0103 la studii aplicate privind evolu\u021biile contemporane din societate. Publica\u021bia \u00eencurajeaz\u0103 vizibilitatea cercet\u0103rii autohtone \u00een \u0219tiin\u021bele sociale \u0219i umaniste \u0219i promoveaz\u0103 participarea la dialogul transna\u021bional privind modelele de cercetare, practicile academice \u0219i tendin\u021bele emergente din domeniu. Reu\u0219ita acestor obiective se reflect\u0103 \u00een m\u0103sura \u00een care revista devine un reper pentru cititorii s\u0103i critici \u0219i implica\u021bi.<\/p>\n","protected":false},"excerpt":{"rendered":"<p>Revista de Filosofie, Sociologie \u0219i \u0218tiin\u021be Politice este publica\u021bia periodic\u0103 a Institutului de Cercet\u0103ri Juridice, Politice \u0219i Sociologice al Universit\u0103\u021bii de Stat din Moldova, orientat\u0103 spre investigarea aprofundat\u0103 a proceselor politice, sociale, culturale \u0219i demografice din spa\u021biul Europei Centrale \u0219i de Est. Revista urm\u0103re\u0219te promovarea unui cadru riguros de analiz\u0103 \u0219tiin\u021bific\u0103 \u0219i \u00eencurajeaz\u0103 abord\u0103rile critice&hellip; <br \/> <a class=\"read-more\" href=\"https:\/\/phsociopolis.usm.md\/index.php\/editorial\/\">Cite\u0219te mai mult<\/a><\/p>\n","protected":false},"author":1,"featured_media":0,"parent":0,"menu_order":0,"comment_status":"closed","ping_status":"closed","template":"","meta":{"_acf_changed":false,"footnotes":""},"class_list":["post-710","page","type-page","status-publish","hentry"],"acf":[],"rttpg_featured_image_url":null,"rttpg_author":{"display_name":"pj1ney","author_link":"https:\/\/phsociopolis.usm.md\/index.php\/author\/pj1ney\/"},"rttpg_comment":0,"rttpg_category":null,"rttpg_excerpt":"Revista de Filosofie, Sociologie \u0219i \u0218tiin\u021be Politice este publica\u021bia periodic\u0103 a Institutului de Cercet\u0103ri Juridice, Politice \u0219i Sociologice al Universit\u0103\u021bii de Stat din Moldova, orientat\u0103 spre investigarea aprofundat\u0103 a proceselor politice, sociale, culturale \u0219i demografice din spa\u021biul Europei Centrale \u0219i de Est. Revista urm\u0103re\u0219te promovarea unui cadru riguros de analiz\u0103 \u0219tiin\u021bific\u0103 \u0219i \u00eencurajeaz\u0103 abord\u0103rile critice&hellip;&hellip;","_links":{"self":[{"href":"https:\/\/phsociopolis.usm.md\/index.php\/wp-json\/wp\/v2\/pages\/710","targetHints":{"allow":["GET"]}}],"collection":[{"href":"https:\/\/phsociopolis.usm.md\/index.php\/wp-json\/wp\/v2\/pages"}],"about":[{"href":"https:\/\/phsociopolis.usm.md\/index.php\/wp-json\/wp\/v2\/types\/page"}],"author":[{"embeddable":true,"href":"https:\/\/phsociopolis.usm.md\/index.php\/wp-json\/wp\/v2\/users\/1"}],"replies":[{"embeddable":true,"href":"https:\/\/phsociopolis.usm.md\/index.php\/wp-json\/wp\/v2\/comments?post=710"}],"version-history":[{"count":1,"href":"https:\/\/phsociopolis.usm.md\/index.php\/wp-json\/wp\/v2\/pages\/710\/revisions"}],"predecessor-version":[{"id":711,"href":"https:\/\/phsociopolis.usm.md\/index.php\/wp-json\/wp\/v2\/pages\/710\/revisions\/711"}],"wp:attachment":[{"href":"https:\/\/phsociopolis.usm.md\/index.php\/wp-json\/wp\/v2\/media?parent=710"}],"curies":[{"name":"wp","href":"https:\/\/api.w.org\/{rel}","templated":true}]}}