{"id":610,"date":"2026-02-25T12:49:00","date_gmt":"2026-02-25T12:49:00","guid":{"rendered":"https:\/\/phsociopolis.usm.md\/?page_id=610"},"modified":"2026-02-25T12:49:00","modified_gmt":"2026-02-25T12:49:00","slug":"ghid-pentru-autori","status":"publish","type":"page","link":"https:\/\/phsociopolis.usm.md\/index.php\/ghid-pentru-autori\/?lang=en","title":{"rendered":"Submission Guidelines"},"content":{"rendered":"<p><strong><b>CONTRIBUIE<\/b><\/strong><\/p>\n<p><strong><b>\u00a0<\/b><\/strong><\/p>\n<p><strong><b>GHID PENTRU AUTORI<\/b><\/strong><\/p>\n<p>Poten\u021bialii autori din \u021bar\u0103 \u0219i din str\u0103in\u0103tate pot prezenta materiale (studii, comunic\u0103ri \u0219tiin\u021bifice, articole de sintez\u0103, recenzii) \u00een domeniul filosofiei, sociologiei, demografiei, \u0219tiin\u021belor politice, rela\u021biilor interna\u021bionale \u0219i administra\u021biei publice, care ar reflecta noile procese din via\u021ba socioeconomic\u0103 \u0219i cultural\u0103 a \u021b\u0103rii, cele de integrare european\u0103 a Republicii Moldova \u0219i, de asemenea, experien\u021ba acumulat\u0103 de \u021b\u0103rile membre ale Uniunii Europene \u00een vederea aplic\u0103rii rezultatelor acestor cercet\u0103ri \u0219i \u00een cazul Republicii Moldova.<\/p>\n<p>&nbsp;<\/p>\n<p><strong><b>Limba de publicare:<\/b><\/strong><\/p>\n<p>Manuscrisele imprimate pe suport de h\u00e2rtie \u015fi \u00een format electronic pot fi prezentate \u00een una din limbile: rom\u00e2n\u0103, englez\u0103 sau rus\u0103.<\/p>\n<p>&nbsp;<\/p>\n<p><strong><b>Revista include:<\/b><\/strong><\/p>\n<p>Articole de fond, articole \u0219tiin\u021bifice, critic\u0103 \u0219i bibliografie, agenda \u0219tiin\u021bific\u0103, anivers\u0103ri.<\/p>\n<p>Fiecare articol este complementat de Bibliografie, la care se fac referiri \u00een con\u021binut \u2013 volumul poate avea \u00eentre 7-12 pagini pentru articolele de fond \u0219i 6-8 pagini pentru celelalte articole, inclusiv rezumatul, tabelele, figurile \u0219i bibliografia.<\/p>\n<p>&nbsp;<\/p>\n<p><strong><b>Preciz\u0103ri:<\/b><\/strong><\/p>\n<ol>\n<li>Materialele publicate anterior \u00een ALTE reviste nu se accept\u0103.<\/li>\n<li>Materialele prezentate spre publicare trebuie s\u0103 fie \u00eenso\u021bite de 1-2 recenzii \u00een original, semnate de speciali\u0219ti cu grad \u0219tiin\u021bific \u00een domeniu.<\/li>\n<li>Colegiul de Redac\u021bie decide publicarea materialelor prezentate \u00een redac\u021bie f\u0103r\u0103 angajamentul de a comenta decizia sa.<\/li>\n<\/ol>\n<p>&nbsp;<\/p>\n<p><strong><b>Perfectarea manuscrisului:<\/b><\/strong><\/p>\n<p>Manuscrisul se perfecteaz\u0103 \u00een Times New Roman (TNR), Font 12, cu 1,5 spa\u021biu \u00eentre r\u00e2nduri, format A4, cu margini \u00een st\u00e2nga \u2013 3 cm, dreapta \u2013 1.5 cm, sus \u0219i jos \u2013 2,5 cm. Alineatele vor \u00eencepe de la distan\u021ba de un Tab (1,25 cm) fa\u021b\u0103 de setarea din st\u00e2nga paginii. Se va evita folosirea \u00een text a caracterelor marcate cu bold \u0219i\/sau italic (cu excep\u021bia titlurilor, cuvintelor preluate\/transliterate din alt\u0103 limb\u0103).<\/p>\n<p>&nbsp;<\/p>\n<p><strong><b>Titlul:<\/b><\/strong><\/p>\n<p>Titlul articolului se dactilografiaz\u0103 cu majuscule (TNR, Font 14, BOLD CAPS, aligned left). La dou\u0103 intervale de la titlul central se indic\u0103 Prenumele \u015fi Numele autorului\/ilor (f\u0103r\u0103 abrevieri), titlul \u0219tiin\u021bific \u0219i afilierea institu\u021bional\u0103 a autorului\/ilor (TNR, Font 14, bold, aligned left). \u00cen titlul central nu se accept\u0103 sublinieri, numerot\u0103ri, trecerea cuvintelor dintr-un r\u00e2nd \u00een altul. \u00cen textul manuscrisului vor fi utilizate intertitluri pentru paragraf (TNR, Font 12, bold, italic, aligned left). Paragrafele (dac\u0103 acestea exist\u0103) NU se numeroteaz\u0103.<\/p>\n<p><strong><b>Date despre autor:<\/b><\/strong>\u00a0Informa\u021bia biografic\u0103 trebuie s\u0103 includ\u0103 numele \u0219i prenumele complet al autorului\/lor, institu\u021bia de afiliere \u0219i adresa de contact, inclusiv e-mail, nr. ORCID.<\/p>\n<p><strong><b>Rezumatul:<\/b><\/strong>\u00a0Fiecare articol trebuie s\u0103 fie \u00eenso\u021bit de un rezumat \u00een limbile englez\u0103 \u0219i rom\u00e2n\u0103 cu lungimea de 150-200 cuvinte.<\/p>\n<p><strong><b>Cuvintele cheie:<\/b><\/strong>\u00a0Fiecare articol trebuie s\u0103 fie \u00eenso\u021bit de cel mult 5 cuvinte cheie, at\u00e2t \u00een limba de redactare a articolului, c\u00e2t \u0219i \u00een limba rom\u00e2n\u0103. Cuvintele cheie trebuie s\u0103 fie separate prin virgul\u0103.<\/p>\n<p>&nbsp;<\/p>\n<p><strong><b>Prezent\u0103rile grafice:<\/b><\/strong><\/p>\n<p>Tabelele \u0219i figurile (format TIF sau JPG, 300 dpi) se plaseaz\u0103 \u00een text nemijlocit dup\u0103 referin\u021ba respectiv\u0103 (Tabelul l) sau (Fig. 1). Tabelele sau figurile se numeroteaz\u0103 \u00een partea st\u00e2ng\u0103 superioar\u0103 \u0219i trebuie s\u0103 fie \u00eenso\u021bite de titlu, precum \u0219i de referin\u021bele respective. Denumirea tabelului se amplaseaz\u0103 deasupra tabelului, iar a figurii \u2013 sub figur\u0103 (TNR regular, Font 12, bold, italic, aligned left).<\/p>\n<p>&nbsp;<\/p>\n<p><strong><b>Transliterarea:<\/b><\/strong><\/p>\n<p>Transliterarea semnelor din alfabetul chirilic nu este obligatorie. La necesitate, \u00een textele cu folosirea alfabetului latin, se vor folosi normele \u0219tiin\u021bifice consacrate pentru transliterarea semnelor din alfabetul chirilic. Vor fi respectate toate semnele diacritice.<\/p>\n<p>&nbsp;<\/p>\n<p><strong><b>Referin\u021bele bibliografice:<\/b><\/strong><\/p>\n<p>Referin\u021bele la sursele bibliografice se indic\u0103 direct \u00een text, fiind inserate \u00een paranteze p\u0103trate: [1]. Sursele bibliografice se plaseaz\u0103 \u00ceN ORIGINAL la sf\u00e2r\u0219itul textului, cu titlul Bibliografie, \u00een ordinea cit\u0103rii din text. Dac\u0103 sunt citate anumite p\u0103r\u021bi ale sursei, dup\u0103 indicarea num\u0103rului de ordine, vor fi inserate pagina\/ile sursei respective: [8, p. 231]. \u00cen cazul referin\u021belor la mai multe surse, acestea vor fi delimitate \u00eentre ele: [1; 8, p. 231]. Citarea prenumelui \u0219i numelui autorului\/ilor (la fel \u0219i a titlului publica\u021biei, numele editurii \u0219i locului edit\u0103rii) se va face \u00een STRICT\u0102 conformitate cu sursa de referin\u021b\u0103 \u00ceN ORIGINAL, evit\u00e2ndu-se orice abrevieri. La subsol vor fi indicate doar comentariile necesare (TNR regular, Font 11).<\/p>\n<p>&nbsp;<\/p>\n<p><strong><b>Procedura de recenzare<\/b><\/strong><\/p>\n<p>Revista de Filozofie, Sociologie \u0219i \u0218tiin\u021be Politice va lua \u00een considerare pentru publicare articole originale ale autorilor \u0219i nu copii ale unor lucr\u0103ri publicate anterior. E nevoie ca articolul s\u0103 fi fost depus spre publicare numai \u00een Revista de Filozofie, Sociologie \u0219i \u0218tiin\u021be Politice. Articolul depus spre publicare \u00een Revist\u0103 nu va fi publicat dac\u0103 a fost depus spre publicare anterior, fiind acceptat pentru publicare \u00een alt\u0103 parte.<\/p>\n<p>Toate articolele prezentate sunt recenzate \u00een conformitate cu normele de publicare \u00een Revist\u0103. Articolele care nu respect\u0103 cu stricte\u021be aceste norme vor fi returnate autorilor \u00een decurs de o lun\u0103 f\u0103r\u0103 o evaluare \u0219i recenzare \u0219tiin\u021bific\u0103. Articolele admise pentru publicare care respect\u0103 normele de publicare \u00een Revist\u0103 sunt examinate de Redactorul-\u0219ef, de Redactorul-\u0219ef adjunct sau de Secretarul \u0218tiin\u021bific al publica\u021biei, care vor repartiza materialul pentru recenzare.<\/p>\n<p><strong><b>Peer-review <\/b><\/strong><\/p>\n<p>Articolele publicate \u00een Revista de Filozofie, Sociologie \u0219i \u0218tiin\u021be Politice urmeaz\u0103 o procedur\u0103 de examinare dublu orb. Articolul nu trebuie s\u0103 con\u021bin\u0103 nimic obscen, fraudulos sau ilegal, o calomnie sau informa\u021bie care s\u0103 demonstreze lips\u0103 de respect sau s\u0103 atenteze la demnitatea oric\u0103rei persoane. Utilizarea \u00een articolul publicat a unor indica\u021bii geografice, denumiri de origine \u0219i specialit\u0103\u021bi tradi\u021bionale garantate, a m\u0103rcilor comerciale etc., chiar dac\u0103 nu sunt specificate \u00een mod clar, nu \u00eenseamn\u0103 c\u0103 aceste obiecte ale dreptului de proprietate intelectual\u0103 nu sunt protejate de legile \u0219i normele juridice \u00een vigoare.<\/p>\n<p>Revista de Filozofie, Sociologie \u0219i \u0218tiin\u021be Politice utilizeaz\u0103 software-ul UNPLAG de analiz\u0103 a textelor \u0219i unele servicii web pentru a verifica articolele \u00een vederea combaterii plagiatului. Prin expedierea articolelor la Revist\u0103, autorii \u00ee\u0219i dau acordul ca lucr\u0103rile lor s\u0103 fie verificate la capitolul originalitate conform procedurilor de recenzare \u0219i publicare. Dac\u0103 recenzen\u021bii vor suspecta un anumit material depus pentru recenzare \u0219i publicare de plagiat, date false, conflicte de interese etc., ace\u0219tia vor aplica normele \u0219i procedurile opera\u021bionale COPE pentru solu\u021bionarea cazurilor date.<\/p>\n<p><strong><b>Termeni<\/b><\/strong><\/p>\n<p>Redac\u021bia Revistei va finaliza procesul de revizuire \u00een termen de, cel mult, zece s\u0103pt\u0103m\u00e2ni de la data depunerii materialului spre publicare. Dac\u0103 acest proces va dura \u00een mod excep\u021bional mai mult dec\u00e2t perioada indicat\u0103, autorii vor fi informa\u021bi suplimentar despre motivele \u00eent\u00e2rzierii. Redac\u021bia va \u00eentocmi o \u00een\u0219tiin\u021bare oficial\u0103 referitor la decizia respectiv\u0103 conform comentariilor recenzen\u021bilor, care va fi expediat\u0103 autorului articolului. Dac\u0103 va fi necesar, autorul va fi rugat s\u0103 editeze articolul conform normelor de publicare \u0219i\/sau recomand\u0103rilor recenzentului \u00een termen de dou\u0103 s\u0103pt\u0103m\u00e2ni.<\/p>\n<p><strong><b>Politica de plat\u0103<\/b><\/strong><\/p>\n<p>Publicarea de articole \u00een Revista de Filozofie, Sociologie \u0219i \u0218tiin\u021be Politice este gratuit\u0103, precum \u0219i accesul la numerele revistei, \u00een limita posibilit\u0103\u021bilor tehnice disponibile.<\/p>\n","protected":false},"excerpt":{"rendered":"<p>CONTRIBUIE \u00a0 GHID PENTRU AUTORI Poten\u021bialii autori din \u021bar\u0103 \u0219i din str\u0103in\u0103tate pot prezenta materiale (studii, comunic\u0103ri \u0219tiin\u021bifice, articole de sintez\u0103, recenzii) \u00een domeniul filosofiei, sociologiei, demografiei, \u0219tiin\u021belor politice, rela\u021biilor interna\u021bionale \u0219i administra\u021biei publice, care ar reflecta noile procese din via\u021ba socioeconomic\u0103 \u0219i cultural\u0103 a \u021b\u0103rii, cele de integrare european\u0103 a Republicii Moldova \u0219i, de&hellip; <br \/> <a class=\"read-more\" href=\"https:\/\/phsociopolis.usm.md\/index.php\/ghid-pentru-autori\/?lang=en\">Read more<\/a><\/p>\n","protected":false},"author":1,"featured_media":0,"parent":0,"menu_order":0,"comment_status":"closed","ping_status":"closed","template":"","meta":{"_acf_changed":false,"footnotes":""},"class_list":["post-610","page","type-page","status-publish","hentry"],"acf":[],"rttpg_featured_image_url":null,"rttpg_author":{"display_name":"pj1ney","author_link":"https:\/\/phsociopolis.usm.md\/index.php\/author\/pj1ney\/?lang=en"},"rttpg_comment":0,"rttpg_category":null,"rttpg_excerpt":"CONTRIBUIE \u00a0 GHID PENTRU AUTORI Poten\u021bialii autori din \u021bar\u0103 \u0219i din str\u0103in\u0103tate pot prezenta materiale (studii, comunic\u0103ri \u0219tiin\u021bifice, articole de sintez\u0103, recenzii) \u00een domeniul filosofiei, sociologiei, demografiei, \u0219tiin\u021belor politice, rela\u021biilor interna\u021bionale \u0219i administra\u021biei publice, care ar reflecta noile procese din via\u021ba socioeconomic\u0103 \u0219i cultural\u0103 a \u021b\u0103rii, cele de integrare european\u0103 a Republicii Moldova \u0219i, de&hellip;&hellip;","_links":{"self":[{"href":"https:\/\/phsociopolis.usm.md\/index.php\/wp-json\/wp\/v2\/pages\/610","targetHints":{"allow":["GET"]}}],"collection":[{"href":"https:\/\/phsociopolis.usm.md\/index.php\/wp-json\/wp\/v2\/pages"}],"about":[{"href":"https:\/\/phsociopolis.usm.md\/index.php\/wp-json\/wp\/v2\/types\/page"}],"author":[{"embeddable":true,"href":"https:\/\/phsociopolis.usm.md\/index.php\/wp-json\/wp\/v2\/users\/1"}],"replies":[{"embeddable":true,"href":"https:\/\/phsociopolis.usm.md\/index.php\/wp-json\/wp\/v2\/comments?post=610"}],"version-history":[{"count":1,"href":"https:\/\/phsociopolis.usm.md\/index.php\/wp-json\/wp\/v2\/pages\/610\/revisions"}],"predecessor-version":[{"id":611,"href":"https:\/\/phsociopolis.usm.md\/index.php\/wp-json\/wp\/v2\/pages\/610\/revisions\/611"}],"wp:attachment":[{"href":"https:\/\/phsociopolis.usm.md\/index.php\/wp-json\/wp\/v2\/media?parent=610"}],"curies":[{"name":"wp","href":"https:\/\/api.w.org\/{rel}","templated":true}]}}