{"id":606,"date":"2026-02-25T12:44:22","date_gmt":"2026-02-25T12:44:22","guid":{"rendered":"https:\/\/phsociopolis.usm.md\/?page_id=606"},"modified":"2026-02-25T12:47:53","modified_gmt":"2026-02-25T12:47:53","slug":"cadrul-normativ","status":"publish","type":"page","link":"https:\/\/phsociopolis.usm.md\/index.php\/cadrul-normativ\/?lang=en","title":{"rendered":"Regulatory framework"},"content":{"rendered":"<p>Cadrul normativ al activit\u0103\u021bii Institutului de Cercet\u0103ri Juridice, Politice \u0219i Sociologice<\/p>\n<ol>\n<li>Acte normative interna\u021bionale<\/li>\n<\/ol>\n<p>1.1. Acorduri, tratate, conven\u021bii<\/p>\n<p>1.1.1. Conven\u0163ia din 06.03.93 privind cooperarea \u00een domeniile culturii, \u00eenv\u0103\u0163\u0103m\u00eentului, \u015ftiin\u0163ei \u015fi informa\u0163iilor \u00een zona M\u0103rii Negre<\/p>\n<p>1.1.2. Protocol din 26.11.76 la Conven\u0163ia privind importul de publica\u0163ii cu caracter instructiv, \u015ftiin\u0163ific \u015fi cultural<\/p>\n<p>1.1.3. Conven\u0163ia din 22.11.50 privind importul de publica\u0163ii cu caracter educativ, \u015ftiin\u0163ific sau cultural<\/p>\n<p>1.1.4. Constitu\u0163ia ONU din 16.11.45 pentru Educa\u0163ie, \u015etiin\u0163\u0103 \u015fi Cultur\u0103 (UNESCO)<\/p>\n<p>&nbsp;<\/p>\n<p>1.2. Acorduri bilaterale<\/p>\n<p>1.2.1. Acord de Asociere din 27.06.2014 \u00eentre Republica Moldova, pe de o parte, \u015fi Uniunea European\u0103 \u015fi Comunitatea European\u0103 a Energiei Atomice \u015fi statele membre ale acestora, pe de alt\u0103 parte<\/p>\n<p>1.2.2. Acord din 01.07.2014 dintre Republica Moldova \u015fi Uniunea European\u0103 privind participarea Republicii Moldova la Programul-cadru al Uniunii Europene pentru cercetare \u015fi inovare (2014-2020) &#8211; Orizont 2020<\/p>\n<p>1.2.3. Acord de cooperare din 28.03.2000 \u00eentre Guvernul Republicii Moldova \u015fi Funda\u0163ia Statelor Unite ale Americii pentru Cercet\u0103ri \u015fi Dezvoltare Civil\u0103 \u00een Statele Independente ale Fostei Uniuni Sovietice<\/p>\n<p>1.2.4. Memorandum de \u00een\u021belegere \u00eentre Republica Moldova \u015fi Uniunea European\u0103 privind asocierea Republicii Moldova la al \u015eaptelea Program-Cadru al Comunit\u0103\u021bii Europene pentru cercetare, dezvoltare tehnologic\u0103 \u0219i activit\u0103\u021bi demonstrative (2007-2013)<\/p>\n<p>&nbsp;<\/p>\n<ol>\n<li>Acte legislative<\/li>\n<\/ol>\n<p>1.1. Legi<\/p>\n<p>1.1.1. Legea privind Declara\u0163ia de independen\u0163\u0103 a Republicii Moldova nr. 691 din 27.08.<\/p>\n<p>1.1.2. Constitu\u0163ia Republicii Moldova, adoptat\u0103 la 29.07.94<\/p>\n<p>1.1.3. Codul cu privire la \u015ftiin\u0163\u0103 \u015fi inovare al Republicii Moldova nr. 259 din 15.07.2004<\/p>\n<p>1.1.4. Legea cu privire la scutirea de taxa vamal\u0103 a unor m\u0103rfuri importate de c\u0103tre organiza\u0163iile din sfera \u015ftiin\u0163ei \u015fi inov\u0103rii nr. 115 din 18.05.2006<\/p>\n<p>1.1.5. Legea privind aderarea Republicii Moldova la Acordul de constituire a Centrului \u015etiin\u0163ifico-Tehnologic din Ucrainanr.531 din 18.12.2003<\/p>\n<p>1.1.6. Codul muncii al Republicii Moldova nr. 154 din 28.03.2003<\/p>\n<p>1.1.7. Codul educa\u0163iei al Republicii Moldova nr. 152 din 17.07.2014<\/p>\n<p>&nbsp;<\/p>\n<p>1.2. Hot\u0103r\u00eeri ale Parlamentului<\/p>\n<p>1.2.1. Hot\u0103r\u00eerea nr. 150 din 14.06.2013 cu privire la aprobarea direc\u0163iilor strategice ale activit\u0103\u0163ii din sfera \u015ftiin\u0163ei \u015fi inov\u0103rii pentru anii 2013-2020<\/p>\n<p>1.2.2. Hot\u0103r\u00eerea nr. 160 din 21.07.2005 cu privire la aprobarea Direc\u0163iilor strategice ale activit\u0103\u0163ii din sfera \u015ftiin\u0163ei \u015fi inov\u0103rii pentru anii 2006-2010<\/p>\n<p>1.2.3. Hot\u0103r\u00eerea nr. 242 din 13.06.2003 cu privire la elaborarea priorit\u0103\u0163ilor strategice de dezvoltare a \u015ftiin\u0163ei \u00een Republica Moldova<\/p>\n<p>1.2.4. Hot\u0103r\u00eereanr. 115 din 29.07.98 cu privire la aprobarea Concep\u0163iei asupra reformei sferei cercetare-dezvoltare<\/p>\n<p>&nbsp;<\/p>\n<ol start=\"2\">\n<li>Acte normative ale Guvernului \u0219i a altor autorit\u0103\u021bi ale administra\u021biei publice centrale \u0219i locale<\/li>\n<\/ol>\n<p>2.1. Hot\u0103r\u00eerea Guvernului cu privire la aprobarea Strategiei de cercetare-dezvoltare a Republicii Moldova p\u00een\u0103 \u00een 2020nr. 920 din 07.11.2014<\/p>\n<p>2.2. Hot\u0103r\u00eerea Guvernului cu privire la aprobarea Acordului de parteneriat \u00eentre Guvern \u015fi Academia de \u015etiin\u0163e a Moldovei pentru anul 2014 nr. 731 din 08.09.2014<\/p>\n<p>2.3. Hot\u0103r\u00eerea Guvernului cu privire la aprobarea Acordului de parteneriat \u00eentre Guvern \u015fi Academia de \u015etiin\u0163e a Moldovei pentru anul 2013 nr. 714 din 12.09.2013<\/p>\n<p>2.4. Hot\u0103r\u00eerea Guvernului cu privire la reorganizarea unor organiza\u0163ii din sfera \u015ftiin\u0163ei \u015fi inov\u0103rii nr. 270 din 18.04.2013<\/p>\n<p>2.5. Hot\u0103r\u00eerea Guvernuluicu privire la aprobarea Nomenclatorului specialit\u0103\u0163ilor \u015ftiin\u0163ifice nr. 199 din 13.03.2013<\/p>\n<p>2.6. Hot\u0103r\u00eerea Guvernului cu privire la instituirea Oficiului Republicii Moldova pentru \u015etiin\u0163\u0103 \u015fi Tehnologie pe l\u00eeng\u0103 Uniunea European\u0103 nr. 790 din 22.10.2012<\/p>\n<p>2.7. Hot\u0103r\u00eerea Guvernului cu privire la aprobarea Normativelor de plat\u0103 pentru prestarea serviciilor de cercet\u0103ri \u015ftiin\u0163ifice de c\u0103tre angaja\u0163ii organiza\u0163iilor de drept public din sfera \u015ftiin\u0163ei \u015fi inov\u0103rii participan\u0163i la proiectele de cercetare-dezvoltare europene \u015fi interna\u0163ionale nr. 534 din 20.07.2012<\/p>\n<p>2.8. Hot\u0103r\u00eerea Guvernului cu privire la modificarea Acordului de parteneriat \u00eentre Guvern \u015fi Academia de \u015etiin\u0163e a Moldovei pentru anii 2009-2012 nr. 402 din 12.06.2012<\/p>\n<p>2.9. Hot\u0103r\u00eerea Guvernului cu privire la instituirea s\u0103rb\u0103torii profesionale a lucr\u0103torilor din sfera \u015ftiin\u0163ei \u015fi inov\u0103rii &#8211; &#8220;Ziua \u015ftiin\u0163ei&#8221; nr. 1083 din 22.11.2010<\/p>\n<p>2.10. Hot\u0103r\u00eerea Guvernuluicu privire la aprobarea Acordului de parteneriat \u00eentre Guvern \u015fi Academia de \u015etiin\u0163e a Moldovei pentru anii 2009-2012 nr. 27 din 22.01.2009<\/p>\n<p>2.11. Hot\u0103r\u00eerea Guvernuluicu privire la optimizarea infrastructurii sferei \u015ftiin\u0163ei \u015fi inov\u0103rii din sectorul agroalimentar nr. 761 din 24.06.2008<\/p>\n<p>2.12. Hot\u0103r\u00eerea Guvernului cu privire la modul de aplicare a facilit\u0103\u0163ilor fiscale acordate reziden\u0163ilor parcurilor \u015ftiin\u0163ifico-tehnologice \u015fi reziden\u0163ilor incubatoarelor de inovare12 din 17.01.2008<\/p>\n<p>2.13. Hot\u0103r\u00eerea Guvernului cu privire la conferirea numelui academicianului Andrei Lupan Bibliotecii \u015etiin\u0163ifice Centrale a Academiei de \u015etiin\u0163e a Moldovei nr. 164 din 15.02.2007<\/p>\n<p>2.14. Hot\u0103r\u00eerea Guvernului cu privire la taxele de cazare \u00een c\u0103minele institu\u0163iilor de stat de \u00eenv\u0103\u0163\u0103m\u00eent profesional tehnic secundar, profesional tehnic postsecundar, superior \u015fi din domeniul \u015ftiin\u0163ei \u015fi inov\u0103rii nr. 99 din 30.01.2007<\/p>\n<p>2.15. Hot\u0103r\u00eerea Guvernuluicu privire la salarizarea angaja\u0163ilor organiza\u0163iilor de drept public din sfera \u015ftiin\u0163ei \u015fi inov\u0103rii finan\u0163ate de la bugetul de stat nr. 47 din 12.01.2007<\/p>\n<p>2.16. Hot\u0103r\u00eerea Guvernuluicu privire la mijloacele speciale ale organiza\u0163iilor subordonate Academiei de \u015etiin\u0163e a Moldovei nr. 724 din 26.06.2006<\/p>\n<p>2.17. Hot\u0103r\u00eerea Guvernuluicu privire la m\u0103surile de optimizare a infrastructurii sferei \u015ftiin\u0163ei \u015fi inov\u0103rii nr 1326 din 14.12.2005<\/p>\n<p>2.18. Hot\u0103r\u00eerea Guvernului cu privire la aprobarea Acordului de parteneriat \u00eentre Guvern \u015fi Academia de \u015etiin\u0163e a Moldovei pentru anii 2005-2008 nr. 80 din 28.01.2005<\/p>\n<p>2.19. Hot\u0103r\u00eerea Guvernului cu privire la plata indemniza\u0163iilor lunare viagere membrilor titulari \u015fi membrilor coresponden\u0163i ai Academiei de \u015etiin\u0163e a Moldovei nr. 1073 din 29.09.2004<\/p>\n<p>2.20. Hot\u0103r\u00eerea Guvernului cu privire la dizolvarea Consiliului Suprem pentru \u015etiin\u0163\u0103 \u015fi Dezvoltare Tehnologic\u0103 nr. 1174 din 26.10.2004<\/p>\n<p>2.21. Hot\u0103r\u00eerea Guvernului despre aprobarea Regulamentului cu privire la recunoa\u015fterea \u015fi echivalarea actelor de \u00eenalt\u0103 calificare \u015ftiin\u0163ific\u0103 \u015fi \u015ftiin\u0163ifico-didactic\u0103 ob\u0163inute \u00een str\u0103in\u0103tate nr.472 din 06.05.2004<\/p>\n<p>&nbsp;<\/p>\n<ol start=\"3\">\n<li>Decrete ale Pre\u0219edintelui Republicii Moldova<\/li>\n<\/ol>\n<p>3.1. Decret privind aprobarea componen\u0163ei nominale a comisiilor Consiliului Na\u0163ional pentru Acreditare \u015fi Atestare nr. 667 din 11.06.2013<\/p>\n<p>3.2. Decret privind numirea \u00een func\u0163iile de conducere ale Consiliului Na\u0163ional pentru Acreditare \u015fi Atestare nr. 568 din 01.04.2013<\/p>\n<p>3.3. Decret privind \u00eenfiin\u0163area Universit\u0103\u0163ii Academiei de \u015etiin\u0163e a Moldovei nr. 1093 din 23.04.2007<\/p>\n<p>&nbsp;<\/p>\n<ol start=\"4\">\n<li>Acte normative ale Consiliului Na\u021bional pentru Acreditare \u0219i Atestare<\/li>\n<\/ol>\n<p>4.1. Regulamentul privind activitatea comisiilor specializate de evaluare a organiza\u0163iilor din sfera \u015ftiin\u0163ei \u015fi inov\u0103rii<\/p>\n<p>4.2. Regulamentul cu privire la func\u0163ionarea consiliilor \u015ftiin\u0163ifice specializate \u015fi conferirea gradelor \u015ftiin\u0163ifice \u015fi titlurilor \u015ftiin\u0163ifice \u015fi \u015ftiin\u0163ifico-didactice \u00een Republica Moldova<\/p>\n<p>4.3. Regulamentul cu privire la func\u0163ionarea institu\u0163iei de exper\u0163i a Consiliul Na\u0163ional pentru Acreditare \u015fi Atestare<\/p>\n<p>4.4. Regulamentul cu privire la evaluarea si clasificarea revistelor stiintifice<\/p>\n<p>4.5. Regulament privind constituirea \u015fi activitatea seminarului \u015ftiin\u0163ific de profil<\/p>\n<p>4.6. Regulament privind publica\u0163iile \u015ftiin\u0163ifice \u015fi \u015ftiin\u0163ifico-metodice<\/p>\n<p>4.7. Regulamentul de organizare \u015fi desf\u0103\u015furare a concursului na\u0163ional &#8220;Teza de doctorat de excelen\u0163\u0103 a anului&#8221;<\/p>\n<p>&nbsp;<\/p>\n<ol start=\"5\">\n<li>Acte normative ale Academiei de \u015etiin\u0163e a Moldovei<\/li>\n<\/ol>\n<p>5.1. Hot\u0103r\u00eeri ale Asambleii<\/p>\n<p>5.1.1. Statutul \u00a0Academiei de \u015etiin\u0163e a Moldovei<\/p>\n<p>5.1.2. Regulamentul Consiliului Suprem pentru \u015etiin\u0163\u0103 \u015fi Dezvoltare Tehnologic\u0103 al Academiei de \u015etiin\u0163e a Moldovei<\/p>\n<p>5.1.3. Regulamentul privind alegerea membrilor titulari (academicieni) \u015fi membrilor coresponden\u0163i ai Academiei de \u015etiin\u0163e a Moldovei<\/p>\n<p>&nbsp;<\/p>\n<p>5.2. Hot\u0103r\u00eeri ale Consiliului Suprem pentru \u015etiin\u0163\u0103 \u015fi Dezvoltare Tehnologic\u0103 al Academiei de \u015etiin\u0163e a Moldovei<\/p>\n<p>5.2.1. Regulamentul cu privire la evaluarea \u015fi clasificarea revistelor \u015ftiin\u0163ifice<\/p>\n<p>5.2.2. Cu privire la aprobarea organigramei Institutului de Cercet\u0103ri Juridice \u0219i Politice al A\u0218M nr. 292 din 17.12.2014<\/p>\n<p>5.2.3. Cu privire la completarea proiectelor institu\u021bionale finan\u021bate \u00een cadrul Institutului de Cercet\u0103ri Juridice \u0219i Politice al Academiei de \u0218tiin\u021be a Moldovei nr. 202 din 25.09.2014<\/p>\n<p>5.2.4. Cu privire la modificarea Statutului Institutului de Cercet\u0103ri Juridice \u015fi Politice al A\u015eM nr. 170 din 21.07.2014<\/p>\n<p>5.2.5. Cu privire la aprobarea Statutului Institutului de Cercet\u0103ri Juridice \u0219i Politice al A\u0218M nr. 129 din 30.05.2013<\/p>\n<p>&nbsp;<\/p>\n<p>5.3. Acorduri de colaborare \u00eentre Academia de \u015etiin\u0163e a Moldovei \u0219i alte institu\u021bii de peste hotare<\/p>\n<p>5.3.1. Acord de colaborare \u00eentre Academia de \u015etiin\u0163e a Moldovei \u015fi Academia de \u015etiin\u0163e din Polonia<\/p>\n<p>5.3.2. Acord de \u00eenfiin\u0163are a Asocia\u0163iei Interna\u0163ionale a Academiilor de \u015etiin\u0163e (MAAN).<\/p>\n<p>5.3.3. Acord de colaborare \u00eentre Academiile de \u015etiin\u0163e a Moldovei, a Ucrainei \u015fi Belarus.<\/p>\n<p>5.3.4. Acord de colaborare \u00eentre Academia de \u015etiin\u0163e a Moldovei \u015fi Societatea Regal\u0103 din Londra.<\/p>\n<p>5.3.5. Acord de colaborare \u00eentre Academia de \u015etiin\u0163e a Moldovei \u015fi Academia Na\u0163ional\u0103 de \u015etiin\u0163e a Ucrainei<\/p>\n<p>5.3.6. Acord de colaborare \u015ftiin\u0163ific\u0103 \u00eentre Academia de \u015etiin\u0163e a Ungariei \u015fi Academia de \u015etiin\u0163e a Moldovei<\/p>\n<p>5.3.7. Acord de colaborare \u015ftiin\u0163ific\u0103 \u00eentre Academia de \u015etiin\u0163e a Moldovei \u015fi UNESCO.<\/p>\n<p>5.3.8. Acord de colaborare \u015ftiin\u0163ific\u0103 \u00eentre Academia de \u015etiin\u0163e a Moldovei \u015fi Academia de \u015etiin\u0163e a Bulgariei.<\/p>\n<p>5.3.9. Acord de colaborare \u015ftiin\u0163ific\u0103 \u00eentre Academia de \u015etiin\u0163e a Moldovei \u015fi Academia Na\u0163ional\u0103 de \u015etiin\u0163e a Republicii Belarus.<\/p>\n<p>5.3.10. Acord de colaborare tehnico-\u015ftiin\u0163ific \u00eentre Academia de \u015etiin\u0163e a Moldovei \u015fi Academia de \u015etiin\u0163e a Rusiei<\/p>\n<p>5.3.11. Acord de colaborare \u015ftiin\u0163ific\u0103 \u015fi tehnic\u0103 \u00eentre Academia de \u015etiin\u0163e Agricole din Rusia \u015fi Academia de \u015etiin\u0163e a Moldovei pentru anii 2004-2009.<\/p>\n<p>5.3.12. Acord de colaborare \u015ftiin\u0163ific\u0103 \u00eentre Academia de \u015etiin\u0163e a Moldovei \u015fi Academia Rom\u00e2n\u0103<\/p>\n<p>5.3.13. Acord de colaborare tehnico-\u015ftiin\u0163ific \u00eentre Academia de \u015etiin\u0163e a Moldovei \u015fi Fondul de Cercet\u0103ri Fundamentale din Rusia.<\/p>\n<p>5.3.14. Conven\u0163ie de colaborare tehnico-\u015ftiin\u0163ific\u0103 pentru perioada 2005-2007 \u00eentre Academia de \u015etiin\u0163e Agricole \u015fi Silvice \u201eGheorghe Ionescu-\u015ei\u015fe\u015fti\u201d din Rom\u00e2nia \u015fi A.\u015e.M.<\/p>\n<p>5.3.15. Acord de colaborare \u00eentre Fondul \u015etiin\u0163elor Umanitare din Rusia \u015fi Academia de \u015etiin\u0163e a Moldovei.<\/p>\n<p>5.3.16. Acord de colaborare tehnico-\u015ftiin\u0163ific \u00eentre Academia de \u015etiin\u0163e Agricole din Ucraina \u015fi Academia de \u015etiin\u0163e a Moldovei<\/p>\n<p>5.3.17. Acord de cooperare \u00eentre ASM \u015fi Academia de \u015etiin\u0163e \u015fi Arte din Muntenegru<\/p>\n<p>5.3.18. Acord de colaborare \u015ftiin\u0163ific\u0103 dintre Academia de \u015etiin\u0163e a Moldovei \u015fi Funda\u0163ia Civil\u0103 de Cercet\u0103ri \u015fi Dezvoltare din SUA (CRDF<\/p>\n<p>5.3.19. Acord \u00eentre Academia de \u015etiin\u0163e a Moldovei \u015fi Centrul \u015etiin\u0163ific de Sud al Academiei Na\u0163ionale de \u015etiin\u0163e a Ucrainei.<\/p>\n<p>5.3.20. Conven\u0163ie de colaborare tehnico-\u015ftiin\u0163ific\u0103 pentru perioada 2006-2010 \u00eentre Academia de \u015etiin\u0163e a Moldovei, Academia de \u015etiin\u0163e Agricole \u015fi Silvice \u201eGheorghe Ionescu-\u015ei\u015fe\u015fti\u201d din Rom\u00e2nia \u015fi Academia de \u015etiin\u0163e Agricole a Ucrainei.<\/p>\n<p>5.3.21. Acordul de colaborare \u00eentre Academia de \u015etiin\u0163e a Moldovei \u015fi Fondul Republican de Cercet\u0103ri Fundamentale din Belarus<\/p>\n<p>5.3.22. Acordul de colaborare tehnico-\u015ftiin\u0163ific\u0103 \u00eentre Academia de \u015etiin\u0163e a Moldovei \u015fi Academia de \u015etiin\u0163e a Turciei<\/p>\n<p>5.3.23. Acordul de colaborare tehnico-\u015ftiin\u0163ific\u0103 \u00eentre Academia de \u015etiin\u0163e a Moldovei \u015fi Academia Na\u0163ional\u0103 de \u015etiin\u0163e a Chinei<\/p>\n<p>5.3.24. Acordul de colaborare \u015ftiin\u0163ific\u0103 \u00eentre Academia de \u015etiin\u0163e a Moldovei \u015fi Academia de \u015etiin\u0163e din Austria<\/p>\n<p>5.3.25. Memorandumul de inten\u0163ii privind cooperarea \u015ftiin\u0163ific\u0103 \u015fi tehnologic\u0103 \u00eentre Ministerul Federal al Educa\u0163iei \u015fi Cercet\u0103rii din Germania \u015fi A.\u015e.M.<\/p>\n<p>5.3.26. Acordul de colaborare tehnico-\u015ftiin\u0163ific\u0103 \u00eentre A\u015eM \u015fi Academia Agricol\u0103 din Republica Bulgaria<\/p>\n<p>5.3.27. Acordul de colaborare \u015ftiin\u0163ific\u0103 \u00eentre Academia de \u015etiin\u0163e a Moldovei \u015fi Academia de \u015etiin\u0163e din Republica Ceh\u0103<\/p>\n<p>5.3.28. Program de colaborare bilateral\u0103 \u00een domeniul cercet\u0103rii \u015ftiin\u0163ifice, dezvolt\u0103rii tehnologice \u015fi inov\u0103rii \u00eentreAutoritatea Na\u0163ional\u0103 pentru Cercetare \u015etiin\u0163ific\u0103 din Rom\u00e2nia \u015fi A\u015eM<\/p>\n<p>Acordul \u00eentre Academia de \u015etiin\u0163e a Moldovei \u015fi Fondul \u015etiin\u0163ific Umanitar din Federa\u0163ia Rus\u0103 cu privire la efectuarea concursului comun al proiectelor \u015ftiin\u0163ifice, Regulamentul cu privire la organizarea concursurilor comune de proiecte \u015ftiin\u0163ifice ale A\u015eM \u015fi ale Fondului \u015etiin\u0163ific Umanitar din Federa\u0163ia Rus\u0103<\/p>\n<p>5.3.29. Acord de cooperare \u015ftiin\u0163ific\u0103 dintre Consiliul Na\u0163ional de \u00a0Cercetare din Italia \u015fi Academia de \u015etiin\u0163e a Moldovei<\/p>\n<p>5.3.30. Acord de cooperare \u00eentre A\u015eM \u015fi Parteneriatul de durabilitate AGRO CANADA &#8211; Casp Overseas Ltd. (Casp) Canada<\/p>\n<p>5.3.31. Memorandum de \u00een\u0163elegere \u00eentre Academia de \u015etiin\u0163e a Moldovei \u015fi Autoritatea Na\u0163ional\u0103 pentru Cercetare \u015etiin\u0163ific\u0103 privind colaborarea \u00een Cadrul Oficiului Rom\u00e2n pentru \u015etiin\u0163\u0103 \u015fi Tehnologie pe l\u00eeng\u0103 Uniunea European\u0103<\/p>\n<p>&nbsp;<\/p>\n<ol start=\"6\">\n<li>Alte acte relevante pentru domeniul cercetare-dezvoltare<\/li>\n<\/ol>\n<p>6.1. Recomandarea Comisiei privind Carta European\u0103 a Cercet\u0103torilor \u015fi Codul de Conduit\u0103 pentru recrutarea cercet\u0103torilor<\/p>\n<p>6.2 Ghid privind perfectarea tezelor de doctorat \u015fi autoreferatelor<\/p>\n<p>&nbsp;<\/p>\n<ol start=\"7\">\n<li>Acte normative ale Institutului de Cercet\u0103ri Juridice, Politice \u0219i Sociologice<\/li>\n<\/ol>\n<p>7.1. Regulamentul intern<\/p>\n","protected":false},"excerpt":{"rendered":"<p>Cadrul normativ al activit\u0103\u021bii Institutului de Cercet\u0103ri Juridice, Politice \u0219i Sociologice Acte normative interna\u021bionale 1.1. Acorduri, tratate, conven\u021bii 1.1.1. Conven\u0163ia din 06.03.93 privind cooperarea \u00een domeniile culturii, \u00eenv\u0103\u0163\u0103m\u00eentului, \u015ftiin\u0163ei \u015fi informa\u0163iilor \u00een zona M\u0103rii Negre 1.1.2. Protocol din 26.11.76 la Conven\u0163ia privind importul de publica\u0163ii cu caracter instructiv, \u015ftiin\u0163ific \u015fi cultural 1.1.3. Conven\u0163ia din 22.11.50&hellip; <br \/> <a class=\"read-more\" href=\"https:\/\/phsociopolis.usm.md\/index.php\/cadrul-normativ\/?lang=en\">Read more<\/a><\/p>\n","protected":false},"author":1,"featured_media":0,"parent":0,"menu_order":0,"comment_status":"closed","ping_status":"closed","template":"","meta":{"_acf_changed":false,"footnotes":""},"class_list":["post-606","page","type-page","status-publish","hentry"],"acf":[],"rttpg_featured_image_url":null,"rttpg_author":{"display_name":"pj1ney","author_link":"https:\/\/phsociopolis.usm.md\/index.php\/author\/pj1ney\/?lang=en"},"rttpg_comment":0,"rttpg_category":null,"rttpg_excerpt":"Cadrul normativ al activit\u0103\u021bii Institutului de Cercet\u0103ri Juridice, Politice \u0219i Sociologice Acte normative interna\u021bionale 1.1. Acorduri, tratate, conven\u021bii 1.1.1. Conven\u0163ia din 06.03.93 privind cooperarea \u00een domeniile culturii, \u00eenv\u0103\u0163\u0103m\u00eentului, \u015ftiin\u0163ei \u015fi informa\u0163iilor \u00een zona M\u0103rii Negre 1.1.2. Protocol din 26.11.76 la Conven\u0163ia privind importul de publica\u0163ii cu caracter instructiv, \u015ftiin\u0163ific \u015fi cultural 1.1.3. Conven\u0163ia din 22.11.50&hellip;&hellip;","_links":{"self":[{"href":"https:\/\/phsociopolis.usm.md\/index.php\/wp-json\/wp\/v2\/pages\/606","targetHints":{"allow":["GET"]}}],"collection":[{"href":"https:\/\/phsociopolis.usm.md\/index.php\/wp-json\/wp\/v2\/pages"}],"about":[{"href":"https:\/\/phsociopolis.usm.md\/index.php\/wp-json\/wp\/v2\/types\/page"}],"author":[{"embeddable":true,"href":"https:\/\/phsociopolis.usm.md\/index.php\/wp-json\/wp\/v2\/users\/1"}],"replies":[{"embeddable":true,"href":"https:\/\/phsociopolis.usm.md\/index.php\/wp-json\/wp\/v2\/comments?post=606"}],"version-history":[{"count":2,"href":"https:\/\/phsociopolis.usm.md\/index.php\/wp-json\/wp\/v2\/pages\/606\/revisions"}],"predecessor-version":[{"id":609,"href":"https:\/\/phsociopolis.usm.md\/index.php\/wp-json\/wp\/v2\/pages\/606\/revisions\/609"}],"wp:attachment":[{"href":"https:\/\/phsociopolis.usm.md\/index.php\/wp-json\/wp\/v2\/media?parent=606"}],"curies":[{"name":"wp","href":"https:\/\/api.w.org\/{rel}","templated":true}]}}