{"id":459,"date":"2026-02-17T11:59:31","date_gmt":"2026-02-17T11:59:31","guid":{"rendered":"https:\/\/phsociopolis.usm.md\/?page_id=459"},"modified":"2026-02-25T12:43:25","modified_gmt":"2026-02-25T12:43:25","slug":"prezentare-generala","status":"publish","type":"page","link":"https:\/\/phsociopolis.usm.md\/index.php\/prezentare-generala\/?lang=en","title":{"rendered":"Overview"},"content":{"rendered":"<p>Institutul de Cercet\u0103ri Juridice, Politice \u0219i Sociologice (ICJPS) este persoan\u0103 juridic\u0103 de drept public din sfera \u0219tiin\u021bei \u0219i inov\u0103rii. Fondator al ICJPS este Ministerul Educa\u021biei, Culturii \u0219i Cercet\u0103rii al Republicii Moldova. Institutul reprezint\u0103 unul din principalele centre academice din \u021bar\u0103 axat pe desf\u0103\u0219urarea cercet\u0103rilor \u00een sfera \u0219tiin\u021belor sociale \u0219i juridice. ICJPS este succesorul primelor structuri de cercetare academic\u0103 \u00een domeniu, formate \u00een ora\u0219ul Chi\u0219in\u0103u \u00een anii 50-60 ai secolului trecut, odat\u0103 cu fondarea Bazei Moldovene\u0219ti a A\u015e a URSS.<\/p>\n<p>Pe parcursul anilor, evolu\u021bia Institutului a cunoscut mai multe reorganiz\u0103ri, \u00een anii &#8217;90 ai sec. XX func\u021bion\u00e2nd ca Institut de Filosofie, Sociologie \u0219i Drept. Mai apoi colectivul de cercet\u0103tori a fost divizat prin Hot\u0103r\u00e2rea Guvernului RM nr.1326 din 14 decembrie 2005 cu privire la m\u0103surile de optimizare a infrastructurii sferei \u015ftiin\u0163ei \u015fi inov\u0103rii, activ\u00e2nd din anul 2006 at\u00e2t \u00een cadrul Institutului de Filosofie, Sociologie \u0219i \u0218tiin\u021be Politice, c\u00e2t \u0219i \u00een cadrul Institutului de Istorie, Stat \u0219i Drept. Din ianuarie 2009, Institutul de Filosofie, Sociologie \u0219i \u0218tiin\u021be Politice a fost reorganizat \u00een Institut de Integrare European\u0103 \u0219i \u0218tiin\u021be Politice, iar din 2013, odat\u0103 cu revenirea Centrului Stat \u0219i Drept de la Institutul de Istorie, Stat \u0219i Drept, \u00een conformitate cu Hot\u0103r\u00e2rea Guvernului RM nr.270 din 18 aprilie 2013 cu privire la reorganizarea unor organiza\u0163ii din sfera \u015ftiin\u0163ei \u015fi inov\u0103rii \u015fi Hot\u0103r\u00e2rii CS\u015eDT al A\u015eM nr.99 din 25 aprilie 2013, organiza\u0163ia dat\u0103 din sfera \u015ftiin\u0163ei \u015fi inov\u0103rii a devenit INSTITUT DE CERCET\u0102RI JURIDICE \u0218I POLITICE AL ACADEMIEI DE \u0218TIIN\u021aE A MOLDOVEI, iar \u00een anul 2018 institutului i s-a atribuit actuala denumire \u2013 INSTITUTUL DE CERCET\u0102RI JURIDICE, POLITICE \u0218I SOCIOLOGICE (ICJPS).<\/p>\n<p>De la \u00eenceputurile sale, Institutul a manifestat un interes aparte pentru desf\u0103\u0219urarea cercet\u0103rilor \u0219tiin\u021bifice pluridisciplinare, reunind eforturile cercet\u0103torilor din sfera \u0219tiin\u021belor sociale. Dup\u0103 ultimele reorganiz\u0103ri ale ICJPS, cercet\u0103rile au abordat o problematic\u0103 mai larg\u0103 privind tranzi\u0163ia de la totalitarism la democra\u0163ie, sistemul politic contemporan al Republicii Moldova, dezvoltarea pluralismului politic \u015fi a societ\u0103\u0163ii civile, abordate din perspectiva principalelor teorii \u015fi ideologii politice contemporane; procesele de integrare european\u0103 \u0219i rela\u021biile interna\u021bionale, dezvoltarea social\u0103 \u0219i problematica din domeniul dreptului na\u021bional \u0219i interna\u021bional. O constant\u0103 a reprezentat\u2011o activitatea \u015ftiin\u0163ific\u0103 desf\u0103\u015furat\u0103, f\u0103r\u0103 \u00eencetare, \u00een domeniul sociologiei \u0219i \u0219tiin\u021belor juridice.<\/p>\n<p>\u00cen conformitate cu structura sa actual\u0103 (patru subdiviziuni de cercetare: Centrul Cercet\u0103ri Juridice, Centrul Cercet\u0103ri Politice \u0219i Rela\u021bii Interna\u021bionale, Centru Sociologie \u0219i Psihologie Social\u0103 \u0219i Centrul Cercet\u0103ri Strategice), activit\u0103\u0163ile principale ale colaboratorilor Institutului constau \u00een realizarea proiectelor de cercetare viz\u00e2nd: diverse aspecte ale procesului de integrare european\u0103 al Republicii Moldova, ale moderniz\u0103rii social-politice a \u021b\u0103rii \u00een contextul extinderii procesului integra\u021bionist european, probleme de redimensionare a politicii externe \u015fi interne \u00een Republica Moldova; examinarea oportunit\u0103\u021bilor de dezvoltare a cadrului juridic autohton \u00een contextul necesit\u0103\u0163ilor de securitate \u015fi asigurare a parcursului european a Republicii Moldova, evolu\u021bia proceselor de formare a clasei de mijloc \u00een condi\u0163iile transform\u0103rii societ\u0103\u0163ii \u015fi asocierii Republicii Moldova la Uniunea European\u0103 etc.<\/p>\n<p>Rezultatele cercet\u0103rilor efectuate sunt prezentate \u00een numeroase publica\u021bii (monografii, studii, articole \u00een culegeri \u0219i reviste \u0219tiin\u021bifice), la conferin\u021be, colocvii \u0219i simpozioane cu caracter na\u021bional \u0219i interna\u021bional, organizate at\u00e2t de c\u0103tre Institut, c\u00e2t \u0219i \u00een colaborare cu \u00a0partenerii din str\u0103in\u0103tate.<\/p>\n<p>ICJPS, form\u00e2nd \u0219coala doctoral\u0103 \u201d\u0218tiin\u021be Juridice, Politice \u0219i Sociologice\u201d \u00eempreuna cu Universitatea Academiei de \u0218tiin\u021be, Universitatea de Stat \u201dAlecu Russo\u201d din B\u0103l\u021bi \u0219i Universitatea de Stat \u201dBogdan Petriceicu Ha\u0219deu\u201d din Cahul, realizeaz\u0103 programe de doctorat \u0219i postdoctorat \u00een domeniile \u0219tiin\u021belor politice, juridice \u0219i sociologiei. Sub egida Institutului sunt editate dou\u0103 reviste \u0219tiin\u021bifice: Revista de Filosofie, Sociologie \u0219i \u015etiin\u0163e Politice \u0219i Revista moldoveneasc\u0103 de drept interna\u021bional. Institutul dezvolt\u0103 rela\u021bii de cooperare cu centre universitar-academice din Rom\u00e2nia, Turcia, Italia, Fran\u021ba, Slovacia, Germania, Polonia, Lituania, Portugalia, Rusia, Ucraina, Belarus.<\/p>\n<p>O preocupare permanent\u0103 \u00een cadrul ICJPS constituie asigurarea unei implic\u0103ri directe \u00een via\u021ba societ\u0103\u021bii din Republica Moldova, prin efortul cercet\u0103torilor de a investiga tendin\u021bele esen\u021biale \u0219i caracteristice ale proceselor social-politice \u0219i juridice contemporane, de a identifica \u0219i propune solu\u021bii pertinente vizavi de problemele cele mai stringente \u0219i actuale cu care se confrunt\u0103 societatea.<\/p>\n<p>\u00cen anul 2015, \u00een conformitate cu planurile de activitate \u015ftiin\u0163ific\u0103 ale Institutului, racordate la obiectivele fundamentale ale Academiei de \u015etiin\u021be a Moldovei, activitatea \u0219tiin\u021bific\u0103 a Institutului de Cercet\u0103ri Juridice, Politice \u0219i Sociologice este \u00eencadrat\u0103 cu patru Proiecte institu\u021bionale (cercet\u0103ri \u0219tiin\u021bifice fundamentale) \u00een conformitate cu direc\u0163ia strategic\u0103 de cercetare: Patrimoniu na\u0163ional \u015fi dezvoltare a societ\u0103\u0163ii:<\/p>\n<p>1) Modernizarea social-politic\u0103 a Republicii Moldova \u00een contextul extinderii procesului integra\u021bionist european.<\/p>\n<p>2) Dezvoltarea cadrului juridic al RM \u00een contextul necesit\u0103\u0163ilor de securitate \u00a0\u015fi asigurare a parcursului european.<\/p>\n<p>3) Constituirea clasei mijlocii \u00een condi\u0163iile transform\u0103rii societ\u0103\u0163ii \u015fi asocierii Republicii Moldova la Uniunea European\u0103.<\/p>\n<p>4) Redimensionarea politicii externe \u015fi interne a Republicii Moldova din perspectiva evolu\u0163iei proceselor integra\u0163ioniste \u015fi modific\u0103rilor geopolitice ale sistemului interna\u0163ional.<\/p>\n","protected":false},"excerpt":{"rendered":"<p>Institutul de Cercet\u0103ri Juridice, Politice \u0219i Sociologice (ICJPS) este persoan\u0103 juridic\u0103 de drept public din sfera \u0219tiin\u021bei \u0219i inov\u0103rii. Fondator al ICJPS este Ministerul Educa\u021biei, Culturii \u0219i Cercet\u0103rii al Republicii Moldova. Institutul reprezint\u0103 unul din principalele centre academice din \u021bar\u0103 axat pe desf\u0103\u0219urarea cercet\u0103rilor \u00een sfera \u0219tiin\u021belor sociale \u0219i juridice. ICJPS este succesorul primelor structuri&hellip; <br \/> <a class=\"read-more\" href=\"https:\/\/phsociopolis.usm.md\/index.php\/prezentare-generala\/?lang=en\">Read more<\/a><\/p>\n","protected":false},"author":1,"featured_media":0,"parent":0,"menu_order":0,"comment_status":"closed","ping_status":"closed","template":"","meta":{"_acf_changed":false,"footnotes":""},"class_list":["post-459","page","type-page","status-publish","hentry"],"acf":[],"rttpg_featured_image_url":null,"rttpg_author":{"display_name":"pj1ney","author_link":"https:\/\/phsociopolis.usm.md\/index.php\/author\/pj1ney\/?lang=en"},"rttpg_comment":0,"rttpg_category":null,"rttpg_excerpt":"Institutul de Cercet\u0103ri Juridice, Politice \u0219i Sociologice (ICJPS) este persoan\u0103 juridic\u0103 de drept public din sfera \u0219tiin\u021bei \u0219i inov\u0103rii. Fondator al ICJPS este Ministerul Educa\u021biei, Culturii \u0219i Cercet\u0103rii al Republicii Moldova. Institutul reprezint\u0103 unul din principalele centre academice din \u021bar\u0103 axat pe desf\u0103\u0219urarea cercet\u0103rilor \u00een sfera \u0219tiin\u021belor sociale \u0219i juridice. ICJPS este succesorul primelor structuri&hellip;&hellip;","_links":{"self":[{"href":"https:\/\/phsociopolis.usm.md\/index.php\/wp-json\/wp\/v2\/pages\/459","targetHints":{"allow":["GET"]}}],"collection":[{"href":"https:\/\/phsociopolis.usm.md\/index.php\/wp-json\/wp\/v2\/pages"}],"about":[{"href":"https:\/\/phsociopolis.usm.md\/index.php\/wp-json\/wp\/v2\/types\/page"}],"author":[{"embeddable":true,"href":"https:\/\/phsociopolis.usm.md\/index.php\/wp-json\/wp\/v2\/users\/1"}],"replies":[{"embeddable":true,"href":"https:\/\/phsociopolis.usm.md\/index.php\/wp-json\/wp\/v2\/comments?post=459"}],"version-history":[{"count":2,"href":"https:\/\/phsociopolis.usm.md\/index.php\/wp-json\/wp\/v2\/pages\/459\/revisions"}],"predecessor-version":[{"id":605,"href":"https:\/\/phsociopolis.usm.md\/index.php\/wp-json\/wp\/v2\/pages\/459\/revisions\/605"}],"wp:attachment":[{"href":"https:\/\/phsociopolis.usm.md\/index.php\/wp-json\/wp\/v2\/media?parent=459"}],"curies":[{"name":"wp","href":"https:\/\/api.w.org\/{rel}","templated":true}]}}